{"id":825,"date":"2026-03-25T04:18:05","date_gmt":"2026-03-25T04:18:05","guid":{"rendered":"https:\/\/ekonomiks.nidepices.dev\/?page_id=825"},"modified":"2026-03-25T09:14:53","modified_gmt":"2026-03-25T09:14:53","slug":"cgu","status":"publish","type":"page","link":"https:\/\/ekonomiks.nidepices.dev\/index.php\/cgu\/","title":{"rendered":"Conditions g\u00e9n\u00e9rales d&rsquo;utilisation"},"content":{"rendered":"<p>[et_pb_section fb_built=\u00a0\u00bb1&Prime; _builder_version=\u00a0\u00bb4.27.5&Prime; _module_preset=\u00a0\u00bbdefault\u00a0\u00bb global_colors_info=\u00a0\u00bb{}\u00a0\u00bb][et_pb_row _builder_version=\u00a0\u00bb4.27.5&Prime; _module_preset=\u00a0\u00bbdefault\u00a0\u00bb global_colors_info=\u00a0\u00bb{}\u00a0\u00bb][et_pb_column type=\u00a0\u00bb4_4&Prime; _builder_version=\u00a0\u00bb4.27.5&Prime; _module_preset=\u00a0\u00bbdefault\u00a0\u00bb global_colors_info=\u00a0\u00bb{}\u00a0\u00bb][et_pb_text _builder_version=\u00a0\u00bb4.27.5&Prime; _module_preset=\u00a0\u00bbdefault\u00a0\u00bb text_font_size=\u00a0\u00bb32px\u00a0\u00bb hover_enabled=\u00a0\u00bb0&Prime; sticky_enabled=\u00a0\u00bb0&Prime;]<\/p>\n<p style=\"text-align: center;\"><strong>CONDITION G\u00c9N\u00c9RALES D&rsquo;UTILISATION\u00a0<\/strong><\/p>\n<p>[\/et_pb_text][\/et_pb_column][\/et_pb_row][\/et_pb_section][et_pb_section fb_built=\u00a0\u00bb1&Prime; _builder_version=\u00a0\u00bb4.27.5&Prime; _module_preset=\u00a0\u00bbdefault\u00a0\u00bb global_colors_info=\u00a0\u00bb{}\u00a0\u00bb][et_pb_row _builder_version=\u00a0\u00bb4.27.5&Prime; _module_preset=\u00a0\u00bbdefault\u00a0\u00bb global_colors_info=\u00a0\u00bb{}\u00a0\u00bb custom_margin=\u00a0\u00bb-105px|auto||auto||\u00a0\u00bb][et_pb_column type=\u00a0\u00bb4_4&Prime; _builder_version=\u00a0\u00bb4.27.5&Prime; _module_preset=\u00a0\u00bbdefault\u00a0\u00bb global_colors_info=\u00a0\u00bb{}\u00a0\u00bb][et_pb_text _builder_version=\u00a0\u00bb4.27.5&Prime; _module_preset=\u00a0\u00bbdefault\u00a0\u00bb hover_enabled=\u00a0\u00bb0&Prime; global_colors_info=\u00a0\u00bb{}\u00a0\u00bb sticky_enabled=\u00a0\u00bb0&Prime;]<\/p>\n<p style=\"text-align: justify;\">Bienvenue sur notre site web. Si vous continuez \u00e0 naviguer et \u00e0 utiliser ce site web, vous acceptez de respecter et d\u2019\u00eatre li\u00e9 par les conditions g\u00e9n\u00e9rales d\u2019utilisation suivantes, qui, avec notre politique de confidentialit\u00e9, r\u00e9gissent notre relation avec vous en relation avec ce site web. Si vous n\u2019\u00eates pas d\u2019accord avec l\u2019une de ces conditions, veuillez ne pas utiliser notre site web.<\/p>\n<h2 style=\"text-align: justify;\"><\/h2>\n<h2 style=\"text-align: justify;\">Conditions d\u2019utilisation<\/h2>\n<p style=\"text-align: justify;\">Le contenu des pages de ce site web est destin\u00e9 \u00e0 votre information g\u00e9n\u00e9rale et \u00e0 l\u2019utilisation de nos services d\u2019externalisation. Il est sujet \u00e0 changement sans pr\u00e9avis.<\/p>\n<h2 style=\"text-align: justify;\"><\/h2>\n<h2 style=\"text-align: justify;\">Responsabilit\u00e9<\/h2>\n<p style=\"text-align: justify;\">Nous nous effor\u00e7ons de fournir des informations pr\u00e9cises et \u00e0 jour sur ce site web. Cependant, nous ne garantissons pas l\u2019exactitude, l\u2019exhaustivit\u00e9, la fiabilit\u00e9 ou l\u2019ad\u00e9quation des informations contenues sur le site web \u00e0 quelque fin que ce soit. Vous reconnaissez que ces informations peuvent contenir des inexactitudes ou des erreurs et nous d\u00e9clinons toute responsabilit\u00e9 pour toute perte ou dommage r\u00e9sultant de l\u2019utilisation de ces informations.<\/p>\n<h2 style=\"text-align: justify;\"><\/h2>\n<h2 style=\"text-align: justify;\">Propri\u00e9t\u00e9 intellectuelle<\/h2>\n<p style=\"text-align: justify;\">Ce site web contient du mat\u00e9riel qui est la propri\u00e9t\u00e9 de notre entreprise ou pour lequel nous avons obtenu une licence d\u2019utilisation. Ce mat\u00e9riel comprend, mais sans s\u2019y limiter, la conception, la mise en page, l\u2019apparence, les graphiques et les images. La reproduction est interdite sauf conform\u00e9ment aux avis de droit d\u2019auteur, qui font partie de ces termes et conditions.<\/p>\n<h2 style=\"text-align: justify;\"><\/h2>\n<h2 style=\"text-align: justify;\">Liens vers d\u2019autres sites web<\/h2>\n<p style=\"text-align: justify;\">Notre site web peut contenir des liens vers d\u2019autres sites web. Ces liens sont fournis pour votre commodit\u00e9 et pour vous fournir des informations suppl\u00e9mentaires. Ils ne signifient pas que nous approuvons le site web(s). Nous d\u00e9clinons toute responsabilit\u00e9 quant au contenu du\/des site(s) li\u00e9(s).<\/p>\n<h2 style=\"text-align: justify;\">Confidentialit\u00e9<\/h2>\n<p style=\"text-align: justify;\">Notre politique de confidentialit\u00e9 r\u00e9git la mani\u00e8re dont nous traitons les informations que vous nous fournissez lorsque vous utilisez ce site web. En utilisant ce site web, vous acceptez cette politique de confidentialit\u00e9. Nous collectons \u00e9galement des num\u00e9ros de t\u00e9l\u00e9phone \u00e0 des fins de suivi des commandes et pour vous contacter si n\u00e9cessaire. Cependant, nous nous engageons \u00e0 ne pas utiliser ces num\u00e9ros de t\u00e9l\u00e9phone \u00e0 des fins de d\u00e9marchage t\u00e9l\u00e9phonique.<\/p>\n<h2 style=\"text-align: justify;\">Modifications des conditions g\u00e9n\u00e9rales d\u2019utilisation<\/h2>\n<p style=\"text-align: justify;\">Nous nous r\u00e9servons le droit de modifier ces conditions g\u00e9n\u00e9rales d\u2019utilisation sans pr\u00e9avis. La version mise \u00e0 jour sera publi\u00e9e sur notre site web. Il est de votre responsabilit\u00e9 de v\u00e9rifier r\u00e9guli\u00e8rement ces conditions d\u2019utilisation pour vous assurer que vous \u00eates satisfait des modifications.<\/p>\n<h2 style=\"text-align: justify;\">Droit applicable<\/h2>\n<p style=\"text-align: justify;\">Les pr\u00e9sentes conditions g\u00e9n\u00e9rales d\u2019utilisation sont r\u00e9gies et interpr\u00e9t\u00e9es conform\u00e9ment aux lois en vigueur. Tout diff\u00e9rend d\u00e9coulant de l\u2019utilisation de ce site web sera soumis aux tribunaux comp\u00e9tents.<\/p>\n<p style=\"text-align: justify;\">En utilisant notre site web, vous acceptez ces conditions g\u00e9n\u00e9rales d\u2019utilisation dans leur int\u00e9gralit\u00e9. Si vous avez des questions ou des pr\u00e9occupations concernant ces termes et conditions, veuillez nous contacter.<\/p>\n<p>[\/et_pb_text][\/et_pb_column][\/et_pb_row][\/et_pb_section]<\/p>\n","protected":false},"excerpt":{"rendered":"<p>CONDITION G\u00c9N\u00c9RALES D&rsquo;UTILISATION\u00a0Bienvenue sur notre site web. Si vous continuez \u00e0 naviguer et \u00e0 utiliser ce site web, vous acceptez de respecter et d\u2019\u00eatre li\u00e9 par les conditions g\u00e9n\u00e9rales d\u2019utilisation suivantes, qui, avec notre politique de confidentialit\u00e9, r\u00e9gissent notre relation avec vous en relation avec ce site web. Si vous n\u2019\u00eates pas d\u2019accord avec l\u2019une [&hellip;]<\/p>\n","protected":false},"author":1,"featured_media":0,"parent":0,"menu_order":0,"comment_status":"closed","ping_status":"closed","template":"","meta":{"_et_pb_use_builder":"on","_et_pb_old_content":"","_et_gb_content_width":"","footnotes":""},"class_list":["post-825","page","type-page","status-publish","hentry"],"yoast_head":"<!-- This site is optimized with the Yoast SEO plugin v27.2 - https:\/\/yoast.com\/product\/yoast-seo-wordpress\/ -->\n<title>Conditions g\u00e9n\u00e9rales d&#039;utilisation - EKONOMIKS<\/title>\n<meta name=\"robots\" content=\"noindex, follow, max-snippet:-1, max-image-preview:large, max-video-preview:-1\" \/>\n<meta property=\"og:locale\" content=\"fr_FR\" \/>\n<meta property=\"og:type\" content=\"article\" \/>\n<meta property=\"og:title\" content=\"Conditions g\u00e9n\u00e9rales d&#039;utilisation - EKONOMIKS\" \/>\n<meta property=\"og:description\" content=\"CONDITION G\u00c9N\u00c9RALES D&#039;UTILISATION\u00a0Bienvenue sur notre site web. Si vous continuez \u00e0 naviguer et \u00e0 utiliser ce site web, vous acceptez de respecter et d\u2019\u00eatre li\u00e9 par les conditions g\u00e9n\u00e9rales d\u2019utilisation suivantes, qui, avec notre politique de confidentialit\u00e9, r\u00e9gissent notre relation avec vous en relation avec ce site web. Si vous n\u2019\u00eates pas d\u2019accord avec l\u2019une [&hellip;]\" \/>\n<meta property=\"og:url\" content=\"https:\/\/ekonomiks.nidepices.dev\/index.php\/cgu\/\" \/>\n<meta property=\"og:site_name\" content=\"EKONOMIKS\" \/>\n<meta property=\"article:modified_time\" content=\"2026-03-25T09:14:53+00:00\" \/>\n<meta name=\"twitter:card\" content=\"summary_large_image\" \/>\n<meta name=\"twitter:label1\" content=\"Dur\u00e9e de lecture estim\u00e9e\" \/>\n\t<meta name=\"twitter:data1\" content=\"3 minutes\" \/>\n<script type=\"application\/ld+json\" class=\"yoast-schema-graph\">{\"@context\":\"https:\/\/schema.org\",\"@graph\":[{\"@type\":\"WebPage\",\"@id\":\"https:\/\/ekonomiks.nidepices.dev\/index.php\/cgu\/\",\"url\":\"https:\/\/ekonomiks.nidepices.dev\/index.php\/cgu\/\",\"name\":\"Conditions g\u00e9n\u00e9rales d'utilisation - EKONOMIKS\",\"isPartOf\":{\"@id\":\"https:\/\/ekonomiks.nidepices.dev\/#website\"},\"datePublished\":\"2026-03-25T04:18:05+00:00\",\"dateModified\":\"2026-03-25T09:14:53+00:00\",\"breadcrumb\":{\"@id\":\"https:\/\/ekonomiks.nidepices.dev\/index.php\/cgu\/#breadcrumb\"},\"inLanguage\":\"fr-FR\",\"potentialAction\":[{\"@type\":\"ReadAction\",\"target\":[\"https:\/\/ekonomiks.nidepices.dev\/index.php\/cgu\/\"]}]},{\"@type\":\"BreadcrumbList\",\"@id\":\"https:\/\/ekonomiks.nidepices.dev\/index.php\/cgu\/#breadcrumb\",\"itemListElement\":[{\"@type\":\"ListItem\",\"position\":1,\"name\":\"Accueil\",\"item\":\"https:\/\/ekonomiks.nidepices.dev\/\"},{\"@type\":\"ListItem\",\"position\":2,\"name\":\"Conditions g\u00e9n\u00e9rales d&rsquo;utilisation\"}]},{\"@type\":\"WebSite\",\"@id\":\"https:\/\/ekonomiks.nidepices.dev\/#website\",\"url\":\"https:\/\/ekonomiks.nidepices.dev\/\",\"name\":\"EKONOMIKS\",\"description\":\"\",\"potentialAction\":[{\"@type\":\"SearchAction\",\"target\":{\"@type\":\"EntryPoint\",\"urlTemplate\":\"https:\/\/ekonomiks.nidepices.dev\/?s={search_term_string}\"},\"query-input\":{\"@type\":\"PropertyValueSpecification\",\"valueRequired\":true,\"valueName\":\"search_term_string\"}}],\"inLanguage\":\"fr-FR\"}]}<\/script>\n<!-- \/ Yoast SEO plugin. -->","yoast_head_json":{"title":"Conditions g\u00e9n\u00e9rales d'utilisation - EKONOMIKS","robots":{"index":"noindex","follow":"follow","max-snippet":"max-snippet:-1","max-image-preview":"max-image-preview:large","max-video-preview":"max-video-preview:-1"},"og_locale":"fr_FR","og_type":"article","og_title":"Conditions g\u00e9n\u00e9rales d'utilisation - EKONOMIKS","og_description":"CONDITION G\u00c9N\u00c9RALES D'UTILISATION\u00a0Bienvenue sur notre site web. Si vous continuez \u00e0 naviguer et \u00e0 utiliser ce site web, vous acceptez de respecter et d\u2019\u00eatre li\u00e9 par les conditions g\u00e9n\u00e9rales d\u2019utilisation suivantes, qui, avec notre politique de confidentialit\u00e9, r\u00e9gissent notre relation avec vous en relation avec ce site web. Si vous n\u2019\u00eates pas d\u2019accord avec l\u2019une [&hellip;]","og_url":"https:\/\/ekonomiks.nidepices.dev\/index.php\/cgu\/","og_site_name":"EKONOMIKS","article_modified_time":"2026-03-25T09:14:53+00:00","twitter_card":"summary_large_image","twitter_misc":{"Dur\u00e9e de lecture estim\u00e9e":"3 minutes"},"schema":{"@context":"https:\/\/schema.org","@graph":[{"@type":"WebPage","@id":"https:\/\/ekonomiks.nidepices.dev\/index.php\/cgu\/","url":"https:\/\/ekonomiks.nidepices.dev\/index.php\/cgu\/","name":"Conditions g\u00e9n\u00e9rales d'utilisation - EKONOMIKS","isPartOf":{"@id":"https:\/\/ekonomiks.nidepices.dev\/#website"},"datePublished":"2026-03-25T04:18:05+00:00","dateModified":"2026-03-25T09:14:53+00:00","breadcrumb":{"@id":"https:\/\/ekonomiks.nidepices.dev\/index.php\/cgu\/#breadcrumb"},"inLanguage":"fr-FR","potentialAction":[{"@type":"ReadAction","target":["https:\/\/ekonomiks.nidepices.dev\/index.php\/cgu\/"]}]},{"@type":"BreadcrumbList","@id":"https:\/\/ekonomiks.nidepices.dev\/index.php\/cgu\/#breadcrumb","itemListElement":[{"@type":"ListItem","position":1,"name":"Accueil","item":"https:\/\/ekonomiks.nidepices.dev\/"},{"@type":"ListItem","position":2,"name":"Conditions g\u00e9n\u00e9rales d&rsquo;utilisation"}]},{"@type":"WebSite","@id":"https:\/\/ekonomiks.nidepices.dev\/#website","url":"https:\/\/ekonomiks.nidepices.dev\/","name":"EKONOMIKS","description":"","potentialAction":[{"@type":"SearchAction","target":{"@type":"EntryPoint","urlTemplate":"https:\/\/ekonomiks.nidepices.dev\/?s={search_term_string}"},"query-input":{"@type":"PropertyValueSpecification","valueRequired":true,"valueName":"search_term_string"}}],"inLanguage":"fr-FR"}]}},"_links":{"self":[{"href":"https:\/\/ekonomiks.nidepices.dev\/index.php\/wp-json\/wp\/v2\/pages\/825","targetHints":{"allow":["GET"]}}],"collection":[{"href":"https:\/\/ekonomiks.nidepices.dev\/index.php\/wp-json\/wp\/v2\/pages"}],"about":[{"href":"https:\/\/ekonomiks.nidepices.dev\/index.php\/wp-json\/wp\/v2\/types\/page"}],"author":[{"embeddable":true,"href":"https:\/\/ekonomiks.nidepices.dev\/index.php\/wp-json\/wp\/v2\/users\/1"}],"replies":[{"embeddable":true,"href":"https:\/\/ekonomiks.nidepices.dev\/index.php\/wp-json\/wp\/v2\/comments?post=825"}],"version-history":[{"count":8,"href":"https:\/\/ekonomiks.nidepices.dev\/index.php\/wp-json\/wp\/v2\/pages\/825\/revisions"}],"predecessor-version":[{"id":849,"href":"https:\/\/ekonomiks.nidepices.dev\/index.php\/wp-json\/wp\/v2\/pages\/825\/revisions\/849"}],"wp:attachment":[{"href":"https:\/\/ekonomiks.nidepices.dev\/index.php\/wp-json\/wp\/v2\/media?parent=825"}],"curies":[{"name":"wp","href":"https:\/\/api.w.org\/{rel}","templated":true}]}}