{"id":830,"date":"2026-03-25T04:20:46","date_gmt":"2026-03-25T04:20:46","guid":{"rendered":"https:\/\/ekonomiks.nidepices.dev\/?page_id=830"},"modified":"2026-03-25T09:11:07","modified_gmt":"2026-03-25T09:11:07","slug":"rgpd","status":"publish","type":"page","link":"https:\/\/ekonomiks.nidepices.dev\/index.php\/rgpd\/","title":{"rendered":"Politique de confidentialit\u00e9"},"content":{"rendered":"<p>[et_pb_section fb_built=\u00a0\u00bb1&Prime; _builder_version=\u00a0\u00bb4.27.5&Prime; _module_preset=\u00a0\u00bbdefault\u00a0\u00bb global_colors_info=\u00a0\u00bb{}\u00a0\u00bb][et_pb_row _builder_version=\u00a0\u00bb4.27.5&Prime; _module_preset=\u00a0\u00bbdefault\u00a0\u00bb global_colors_info=\u00a0\u00bb{}\u00a0\u00bb][et_pb_column type=\u00a0\u00bb4_4&Prime; _builder_version=\u00a0\u00bb4.27.5&Prime; _module_preset=\u00a0\u00bbdefault\u00a0\u00bb global_colors_info=\u00a0\u00bb{}\u00a0\u00bb][et_pb_text _builder_version=\u00a0\u00bb4.27.5&Prime; _dynamic_attributes=\u00a0\u00bbcontent\u00a0\u00bb _module_preset=\u00a0\u00bbdefault\u00a0\u00bb text_font=\u00a0\u00bb|700|||||||\u00a0\u00bb text_orientation=\u00a0\u00bbcenter\u00a0\u00bb global_colors_info=\u00a0\u00bb{}\u00a0\u00bb]@ET-DC@eyJkeW5hbWljIjp0cnVlLCJjb250ZW50IjoicG9zdF90aXRsZSIsInNldHRpbmdzIjp7ImJlZm9yZSI6IjxoMT4iLCJhZnRlciI6IjwvaDE+In19@[\/et_pb_text][\/et_pb_column][\/et_pb_row][\/et_pb_section][et_pb_section fb_built=\u00a0\u00bb1&Prime; _builder_version=\u00a0\u00bb4.27.5&Prime; _module_preset=\u00a0\u00bbdefault\u00a0\u00bb global_colors_info=\u00a0\u00bb{}\u00a0\u00bb][et_pb_row _builder_version=\u00a0\u00bb4.27.5&Prime; _module_preset=\u00a0\u00bbdefault\u00a0\u00bb global_colors_info=\u00a0\u00bb{}\u00a0\u00bb][et_pb_column type=\u00a0\u00bb4_4&Prime; _builder_version=\u00a0\u00bb4.27.5&Prime; _module_preset=\u00a0\u00bbdefault\u00a0\u00bb global_colors_info=\u00a0\u00bb{}\u00a0\u00bb][et_pb_text _builder_version=\u00a0\u00bb4.27.5&Prime; _module_preset=\u00a0\u00bbdefault\u00a0\u00bb hover_enabled=\u00a0\u00bb0&Prime; global_colors_info=\u00a0\u00bb{}\u00a0\u00bb sticky_enabled=\u00a0\u00bb0&Prime;]<\/p>\n<h2>Qui sommes-nous ?<\/h2>\n<p>L\u2019adresse de notre site Web est :&nbsp; <a href=\"https:\/\/ekonomiks.nidepices.dev\/\">ekonomiks.nidepices.dev\/<\/a><\/p>\n<p><b><\/p>\n<h2>Utilisation des donn\u00e9es personnelles collect\u00e9es<\/h2>\n<p><\/b><\/p>\n<h3>Commentaires<\/h3>\n<p>Quand vous laissez un commentaire sur notre site web, les donn\u00e9es inscrites dans le formulaire de commentaire, mais aussi votre adresse IP et l\u2019agent utilisateur de votre navigateur sont collect\u00e9s pour nous aider \u00e0 la d\u00e9tection des commentaires ind\u00e9sirables.<\/p>\n<p>Une cha\u00eene anonymis\u00e9e cr\u00e9\u00e9e \u00e0 partir de votre adresse de messagerie (\u00e9galement appel\u00e9e hash) peut \u00eatre envoy\u00e9e au service Gravatar pour v\u00e9rifier si vous utilisez ce dernier. Les clauses de confidentialit\u00e9 du service Gravatar sont disponibles ici : https:\/\/automattic.com\/privacy\/. Apr\u00e8s validation de votre commentaire, votre photo de profil sera visible publiquement \u00e0 cot\u00e9 de votre commentaire.<\/p>\n<p><\/p>\n<h3>M\u00e9dias<\/h3>\n<p>Si vous \u00eates un utilisateur ou une utilisatrice enregistr\u00e9\u2022e et que vous t\u00e9l\u00e9versez des images sur le site web, nous vous conseillons d\u2019\u00e9viter de t\u00e9l\u00e9verser des images contenant des donn\u00e9es EXIF de coordonn\u00e9es GPS. Les visiteurs de votre site web peuvent t\u00e9l\u00e9charger et extraire des donn\u00e9es de localisation depuis ces images.<\/p>\n<p><\/p>\n<h3>Formulaires de contact<\/h3>\n<p>Lorsque vous utilisez notre formulaire de contact, nous collectons et traitons des donn\u00e9es \u00e0 caract\u00e8re personnel vous concernant telles que : Nom, Pr\u00e9nom, Raison sociale, Email, t\u00e9l\u00e9phone, message et adresse.<\/p>\n<p>Ces donn\u00e9es nous permettent simplement de vous identifier au mieux pour faciliter la prise de contact ult\u00e9rieure.<\/p>\n<p><\/p>\n<h3>Cookies<\/h3>\n<p>Si vous d\u00e9posez un commentaire sur notre site, il vous sera propos\u00e9 d\u2019enregistrer votre nom, adresse de messagerie et site web dans des cookies. C\u2019est uniquement pour votre confort afin de ne pas avoir \u00e0 saisir ces informations si vous d\u00e9posez un autre commentaire plus tard. Ces cookies expirent au bout d\u2019un an.<\/p>\n<p>Si vous avez un compte et que vous vous connectez sur ce site, un cookie temporaire sera cr\u00e9\u00e9 afin de d\u00e9terminer si votre navigateur accepte les cookies. Il ne contient pas de donn\u00e9es personnelles et sera supprim\u00e9 automatiquement \u00e0 la fermeture de votre navigateur.<\/p>\n<p>Lorsque vous vous connecterez, nous mettrons en place un certain nombre de cookies pour enregistrer vos informations de connexion et vos pr\u00e9f\u00e9rences d\u2019\u00e9cran. La dur\u00e9e de vie d\u2019un cookie de connexion est de deux jours, celle d\u2019un cookie d\u2019option d\u2019\u00e9cran est d\u2019un an. Si vous cochez \u00ab Se souvenir de moi \u00bb, votre cookie de connexion sera conserv\u00e9 pendant deux semaines. Si vous vous d\u00e9connectez de votre compte, le cookie de connexion sera effac\u00e9.<\/p>\n<p>En modifiant ou en publiant une publication, un cookie suppl\u00e9mentaire sera enregistr\u00e9 dans votre navigateur. Ce cookie ne comprend aucune donn\u00e9e personnelle. Il indique simplement l\u2019ID de la publication que vous venez de modifier. Il expire au bout d\u2019un jour.<\/p>\n<p><\/p>\n<h3>Contenu embarqu\u00e9 depuis d\u2019autres sites<\/h3>\n<p>Les articles de ce site peuvent inclure des contenus int\u00e9gr\u00e9s (par exemple des vid\u00e9os, images, articles\u2026). Le contenu int\u00e9gr\u00e9 depuis d\u2019autres sites se comporte de la m\u00eame mani\u00e8re que si le visiteur se rendait sur cet autre site.<\/p>\n<p>Ces sites web pourraient collecter des donn\u00e9es sur vous, utiliser des cookies, embarquer des outils de suivis tiers, suivre vos interactions avec ces contenus embarqu\u00e9s si vous disposez d\u2019un compte connect\u00e9 sur leur site web.<\/p>\n<p><\/p>\n<h3>Statistiques et mesures d\u2019audience<\/h3>\n<p>Les cookies que nous utilisons (mentionn\u00e9s dans le paragraphe pr\u00e9c\u00e9dent) sont li\u00e9s \u00e0 un service tiers : Google Analytics.<\/p>\n<p>Google Analytics est un service d\u2019analyse Web fourni par Google Inc. (\u00abGoogle\u00bb). Google utilise les donn\u00e9es collect\u00e9es pour suivre et examiner l\u2019utilisation de ce site, pr\u00e9parer des rapports sur ses activit\u00e9s et les partager avec d\u2019autres services Google.<br \/>Google peut utiliser les Donn\u00e9es collect\u00e9es pour contextualiser et personnaliser les publicit\u00e9s de son propre r\u00e9seau publicitaire.<\/p>\n<p>Donn\u00e9es personnelles collect\u00e9es: cookies et donn\u00e9es d\u2019utilisation.<\/p>\n<p>Lieu de traitement: \u00c9tats-Unis \u2013 <a href=\"https:\/\/policies.google.com\/privacy?hl=fr\">Politique de confidentialit\u00e9<\/a><\/p>\n<p><b><\/p>\n<h2>Utilisation et transmission de vos donn\u00e9es personnelles<\/h2>\n<p><\/b><\/p>\n<h3><\/h3>\n<h3>Dur\u00e9es de stockage de vos donn\u00e9es<\/h3>\n<p>Si vous laissez un commentaire, le commentaire et ses m\u00e9tadonn\u00e9es sont conserv\u00e9s ind\u00e9finiment. Cela permet de reconna\u00eetre et approuver automatiquement les commentaires suivants au lieu de les laisser dans la file de mod\u00e9ration.<\/p>\n<p>Pour les utilisateurs et utilisatrices qui s\u2019enregistrent sur notre site (si cela est possible), nous stockons \u00e9galement les donn\u00e9es personnelles indiqu\u00e9es dans leur profil. Tous les utilisateurs et utilisatrices peuvent voir, modifier ou supprimer leurs informations personnelles \u00e0 tout moment (\u00e0 l\u2019exception de leur nom d\u2019utilisateur\u2022ice). Les gestionnaires du site peuvent aussi voir et modifier ces informations.<\/p>\n<p><\/p>\n<h3>Les droits que vous avez sur vos donn\u00e9es<\/h3>\n<p>Si vous avez un compte ou si vous avez laiss\u00e9 des commentaires sur le site, vous pouvez demander \u00e0 recevoir un fichier contenant toutes les donn\u00e9es personnelles que nous poss\u00e9dons \u00e0 votre sujet, incluant celles que vous nous avez fournies. Vous pouvez \u00e9galement demander la suppression des donn\u00e9es personnelles vous concernant. Cela ne prend pas en compte les donn\u00e9es stock\u00e9es \u00e0 des fins administratives, l\u00e9gales ou pour des raisons de s\u00e9curit\u00e9.<\/p>\n<p><\/p>\n<h3>Transmission de vos donn\u00e9es personnelles<\/h3>\n<p>Les commentaires des visiteurs peuvent \u00eatre v\u00e9rifi\u00e9s \u00e0 l\u2019aide d\u2019un service automatis\u00e9 de d\u00e9tection des commentaires ind\u00e9sirables.<\/p>\n<p>&nbsp;<\/p>\n<p><\/p>\n<h2>Informations de contact<\/h2>\n<p>Le d\u00e9l\u00e9gu\u00e9 \u00e0 la protection des donn\u00e9es est : <\/p>\n<p>Si vous souhaitez exercer votre droit \u00e0 la modification, \u00e0 la consultation, ou \u00e0 la suppression de vos donn\u00e9es personnelles, merci de le faire par mail \u00e0 l\u2019adresse : <\/p>\n<p><b><\/p>\n<h2>Informations suppl\u00e9mentaires<\/h2>\n<p><\/b><\/p>\n<h3>Comment nous prot\u00e9geons vos donn\u00e9es<\/h3>\n<p>Toutes les communications sur le site alma91.fr sont crypt\u00e9es par certificat SSL.<\/p>\n<p><\/p>\n<h3>Proc\u00e9dures mises en \u0153uvre en cas de fuite de donn\u00e9es<\/h3>\n<p>Conform\u00e9ment \u00e0 la proc\u00e9dure pr\u00e9vue par le r\u00e8glement g\u00e9n\u00e9ral sur la protection des donn\u00e9es en cas de fuite ou d\u2019anomalie concernant les donn\u00e9es personnelles en notre possession, nous informerons les autorit\u00e9s comp\u00e9tentes (CNIL), et vous avertirons de la nature des donn\u00e9es ayant fuit\u00e9es et la nature du risque qui peut \u00eatre engendr\u00e9e si cela peut entamer vos droits et libert\u00e9s (donn\u00e9es sensibles) dans un d\u00e9lai maximal de 72 heures apr\u00e8s constat de du probl\u00e8me.<\/p>\n<p><\/p>\n<h3>Op\u00e9rations de marketing automatis\u00e9 et\/ou de profilage r\u00e9alis\u00e9es \u00e0 l\u2019aide des donn\u00e9es personnelles<\/h3>\n<h3>Newsletters<\/h3>\n<p>Lorsque vous souscrivez \u00e0 notre newsletter, nous collectons et traitons des donn\u00e9es \u00e0 caract\u00e8re personnel vous concernant telles que : adresse Email<\/p>\n<p>Ces donn\u00e9es nous permettent de vous ajouter de mani\u00e8re ordonn\u00e9e \u00e0 notre listing d\u2019adresses de contact, et personnaliser nos envois lorsque nous vous faisons parvenir des nouveaut\u00e9s commerciales, des promotions, ou toutes autres lettres d\u2019informations li\u00e9es \u00e0 notre activit\u00e9 (nouvel article du blog par exemple).<\/p>\n<p>&nbsp;<\/p>\n<p>[\/et_pb_text][\/et_pb_column][\/et_pb_row][\/et_pb_section]<\/p>\n","protected":false},"excerpt":{"rendered":"<p>Qui sommes-nous ? L\u2019adresse de notre site Web est :&nbsp; ekonomiks.nidepices.dev\/ Utilisation des donn\u00e9es personnelles collect\u00e9es Commentaires Quand vous laissez un commentaire sur notre site web, les donn\u00e9es inscrites dans le formulaire de commentaire, mais aussi votre adresse IP et l\u2019agent utilisateur de votre navigateur sont collect\u00e9s pour nous aider \u00e0 la d\u00e9tection des commentaires [&hellip;]<\/p>\n","protected":false},"author":1,"featured_media":0,"parent":0,"menu_order":0,"comment_status":"closed","ping_status":"closed","template":"","meta":{"_et_pb_use_builder":"on","_et_pb_old_content":"","_et_gb_content_width":"","footnotes":""},"class_list":["post-830","page","type-page","status-publish","hentry"],"yoast_head":"<!-- This site is optimized with the Yoast SEO plugin v27.2 - https:\/\/yoast.com\/product\/yoast-seo-wordpress\/ -->\n<title>Politique de confidentialit\u00e9 - EKONOMIKS<\/title>\n<meta name=\"robots\" content=\"noindex, follow, max-snippet:-1, max-image-preview:large, max-video-preview:-1\" \/>\n<meta property=\"og:locale\" content=\"fr_FR\" \/>\n<meta property=\"og:type\" content=\"article\" \/>\n<meta property=\"og:title\" content=\"Politique de confidentialit\u00e9 - EKONOMIKS\" \/>\n<meta property=\"og:description\" content=\"Qui sommes-nous ? L\u2019adresse de notre site Web est :&nbsp; ekonomiks.nidepices.dev\/ Utilisation des donn\u00e9es personnelles collect\u00e9es Commentaires Quand vous laissez un commentaire sur notre site web, les donn\u00e9es inscrites dans le formulaire de commentaire, mais aussi votre adresse IP et l\u2019agent utilisateur de votre navigateur sont collect\u00e9s pour nous aider \u00e0 la d\u00e9tection des commentaires [&hellip;]\" \/>\n<meta property=\"og:url\" content=\"https:\/\/ekonomiks.nidepices.dev\/index.php\/rgpd\/\" \/>\n<meta property=\"og:site_name\" content=\"EKONOMIKS\" \/>\n<meta property=\"article:modified_time\" content=\"2026-03-25T09:11:07+00:00\" \/>\n<meta name=\"twitter:card\" content=\"summary_large_image\" \/>\n<meta name=\"twitter:label1\" content=\"Dur\u00e9e de lecture estim\u00e9e\" \/>\n\t<meta name=\"twitter:data1\" content=\"6 minutes\" \/>\n<script type=\"application\/ld+json\" class=\"yoast-schema-graph\">{\"@context\":\"https:\/\/schema.org\",\"@graph\":[{\"@type\":\"WebPage\",\"@id\":\"https:\/\/ekonomiks.nidepices.dev\/index.php\/rgpd\/\",\"url\":\"https:\/\/ekonomiks.nidepices.dev\/index.php\/rgpd\/\",\"name\":\"Politique de confidentialit\u00e9 - EKONOMIKS\",\"isPartOf\":{\"@id\":\"https:\/\/ekonomiks.nidepices.dev\/#website\"},\"datePublished\":\"2026-03-25T04:20:46+00:00\",\"dateModified\":\"2026-03-25T09:11:07+00:00\",\"breadcrumb\":{\"@id\":\"https:\/\/ekonomiks.nidepices.dev\/index.php\/rgpd\/#breadcrumb\"},\"inLanguage\":\"fr-FR\",\"potentialAction\":[{\"@type\":\"ReadAction\",\"target\":[\"https:\/\/ekonomiks.nidepices.dev\/index.php\/rgpd\/\"]}]},{\"@type\":\"BreadcrumbList\",\"@id\":\"https:\/\/ekonomiks.nidepices.dev\/index.php\/rgpd\/#breadcrumb\",\"itemListElement\":[{\"@type\":\"ListItem\",\"position\":1,\"name\":\"Accueil\",\"item\":\"https:\/\/ekonomiks.nidepices.dev\/\"},{\"@type\":\"ListItem\",\"position\":2,\"name\":\"Politique de confidentialit\u00e9\"}]},{\"@type\":\"WebSite\",\"@id\":\"https:\/\/ekonomiks.nidepices.dev\/#website\",\"url\":\"https:\/\/ekonomiks.nidepices.dev\/\",\"name\":\"EKONOMIKS\",\"description\":\"\",\"potentialAction\":[{\"@type\":\"SearchAction\",\"target\":{\"@type\":\"EntryPoint\",\"urlTemplate\":\"https:\/\/ekonomiks.nidepices.dev\/?s={search_term_string}\"},\"query-input\":{\"@type\":\"PropertyValueSpecification\",\"valueRequired\":true,\"valueName\":\"search_term_string\"}}],\"inLanguage\":\"fr-FR\"}]}<\/script>\n<!-- \/ Yoast SEO plugin. -->","yoast_head_json":{"title":"Politique de confidentialit\u00e9 - EKONOMIKS","robots":{"index":"noindex","follow":"follow","max-snippet":"max-snippet:-1","max-image-preview":"max-image-preview:large","max-video-preview":"max-video-preview:-1"},"og_locale":"fr_FR","og_type":"article","og_title":"Politique de confidentialit\u00e9 - EKONOMIKS","og_description":"Qui sommes-nous ? L\u2019adresse de notre site Web est :&nbsp; ekonomiks.nidepices.dev\/ Utilisation des donn\u00e9es personnelles collect\u00e9es Commentaires Quand vous laissez un commentaire sur notre site web, les donn\u00e9es inscrites dans le formulaire de commentaire, mais aussi votre adresse IP et l\u2019agent utilisateur de votre navigateur sont collect\u00e9s pour nous aider \u00e0 la d\u00e9tection des commentaires [&hellip;]","og_url":"https:\/\/ekonomiks.nidepices.dev\/index.php\/rgpd\/","og_site_name":"EKONOMIKS","article_modified_time":"2026-03-25T09:11:07+00:00","twitter_card":"summary_large_image","twitter_misc":{"Dur\u00e9e de lecture estim\u00e9e":"6 minutes"},"schema":{"@context":"https:\/\/schema.org","@graph":[{"@type":"WebPage","@id":"https:\/\/ekonomiks.nidepices.dev\/index.php\/rgpd\/","url":"https:\/\/ekonomiks.nidepices.dev\/index.php\/rgpd\/","name":"Politique de confidentialit\u00e9 - EKONOMIKS","isPartOf":{"@id":"https:\/\/ekonomiks.nidepices.dev\/#website"},"datePublished":"2026-03-25T04:20:46+00:00","dateModified":"2026-03-25T09:11:07+00:00","breadcrumb":{"@id":"https:\/\/ekonomiks.nidepices.dev\/index.php\/rgpd\/#breadcrumb"},"inLanguage":"fr-FR","potentialAction":[{"@type":"ReadAction","target":["https:\/\/ekonomiks.nidepices.dev\/index.php\/rgpd\/"]}]},{"@type":"BreadcrumbList","@id":"https:\/\/ekonomiks.nidepices.dev\/index.php\/rgpd\/#breadcrumb","itemListElement":[{"@type":"ListItem","position":1,"name":"Accueil","item":"https:\/\/ekonomiks.nidepices.dev\/"},{"@type":"ListItem","position":2,"name":"Politique de confidentialit\u00e9"}]},{"@type":"WebSite","@id":"https:\/\/ekonomiks.nidepices.dev\/#website","url":"https:\/\/ekonomiks.nidepices.dev\/","name":"EKONOMIKS","description":"","potentialAction":[{"@type":"SearchAction","target":{"@type":"EntryPoint","urlTemplate":"https:\/\/ekonomiks.nidepices.dev\/?s={search_term_string}"},"query-input":{"@type":"PropertyValueSpecification","valueRequired":true,"valueName":"search_term_string"}}],"inLanguage":"fr-FR"}]}},"_links":{"self":[{"href":"https:\/\/ekonomiks.nidepices.dev\/index.php\/wp-json\/wp\/v2\/pages\/830","targetHints":{"allow":["GET"]}}],"collection":[{"href":"https:\/\/ekonomiks.nidepices.dev\/index.php\/wp-json\/wp\/v2\/pages"}],"about":[{"href":"https:\/\/ekonomiks.nidepices.dev\/index.php\/wp-json\/wp\/v2\/types\/page"}],"author":[{"embeddable":true,"href":"https:\/\/ekonomiks.nidepices.dev\/index.php\/wp-json\/wp\/v2\/users\/1"}],"replies":[{"embeddable":true,"href":"https:\/\/ekonomiks.nidepices.dev\/index.php\/wp-json\/wp\/v2\/comments?post=830"}],"version-history":[{"count":4,"href":"https:\/\/ekonomiks.nidepices.dev\/index.php\/wp-json\/wp\/v2\/pages\/830\/revisions"}],"predecessor-version":[{"id":843,"href":"https:\/\/ekonomiks.nidepices.dev\/index.php\/wp-json\/wp\/v2\/pages\/830\/revisions\/843"}],"wp:attachment":[{"href":"https:\/\/ekonomiks.nidepices.dev\/index.php\/wp-json\/wp\/v2\/media?parent=830"}],"curies":[{"name":"wp","href":"https:\/\/api.w.org\/{rel}","templated":true}]}}